{"id":267,"date":"2021-03-03T16:46:38","date_gmt":"2021-03-03T16:46:38","guid":{"rendered":"http:\/\/www.dystopiagroup.cz\/?page_id=267"},"modified":"2021-03-23T18:37:01","modified_gmt":"2021-03-23T17:37:01","slug":"stream","status":"publish","type":"page","link":"https:\/\/www.dystopiagroup.cz\/film\/stream\/","title":{"rendered":"Stream"},"content":{"rendered":"\t\t<div data-elementor-type=\"wp-page\" data-elementor-id=\"267\" class=\"elementor elementor-267\" data-elementor-settings=\"[]\">\n\t\t\t\t\t\t<div class=\"elementor-inner\">\n\t\t\t\t\t\t\t<div class=\"elementor-section-wrap\">\n\t\t\t\t\t\t\t<section class=\"elementor-section elementor-top-section elementor-element elementor-element-ba02f75 elementor-hidden-tablet elementor-hidden-phone elementor-section-boxed elementor-section-height-default elementor-section-height-default\" data-id=\"ba02f75\" data-element_type=\"section\" data-settings=\"{&quot;background_background&quot;:&quot;classic&quot;,&quot;shape_divider_top&quot;:&quot;tilt&quot;,&quot;shape_divider_bottom&quot;:&quot;tilt&quot;}\">\n\t\t\t\t\t\t\t<div class=\"elementor-background-overlay\"><\/div>\n\t\t\t\t\t\t<div class=\"elementor-shape elementor-shape-top\" data-negative=\"false\">\n\t\t\t<svg xmlns=\"http:\/\/www.w3.org\/2000\/svg\" viewBox=\"0 0 1000 100\" preserveAspectRatio=\"none\">\n\t<path class=\"elementor-shape-fill\" d=\"M0,6V0h1000v100L0,6z\"\/>\n<\/svg>\t\t<\/div>\n\t\t\t\t<div class=\"elementor-shape elementor-shape-bottom\" data-negative=\"false\">\n\t\t\t<svg xmlns=\"http:\/\/www.w3.org\/2000\/svg\" viewBox=\"0 0 1000 100\" preserveAspectRatio=\"none\">\n\t<path class=\"elementor-shape-fill\" d=\"M0,6V0h1000v100L0,6z\"\/>\n<\/svg>\t\t<\/div>\n\t\t\t\t\t<div class=\"elementor-container elementor-column-gap-default\">\n\t\t\t\t\t\t\t<div class=\"elementor-row\">\n\t\t\t\t\t<div class=\"elementor-column elementor-col-50 elementor-top-column elementor-element elementor-element-bd577a6\" data-id=\"bd577a6\" data-element_type=\"column\">\n\t\t\t<div class=\"elementor-column-wrap elementor-element-populated\">\n\t\t\t\t\t\t\t<div class=\"elementor-widget-wrap\">\n\t\t\t\t\t\t<div class=\"elementor-element elementor-element-1b811a3 elementor-widget elementor-widget-heading\" data-id=\"1b811a3\" data-element_type=\"widget\" data-widget_type=\"heading.default\">\n\t\t\t\t<div class=\"elementor-widget-container\">\n\t\t\t<h1 class=\"elementor-heading-title elementor-size-default\">Stream<\/h1>\t\t<\/div>\n\t\t\t\t<\/div>\n\t\t\t\t<div class=\"elementor-element elementor-element-52f3a92 elementor-widget elementor-widget-image\" data-id=\"52f3a92\" data-element_type=\"widget\" data-widget_type=\"image.default\">\n\t\t\t\t<div class=\"elementor-widget-container\">\n\t\t\t\t\t<div class=\"elementor-image\">\n\t\t\t\t\t\t\t\t\t\t<img width=\"1024\" height=\"682\" src=\"https:\/\/www.dystopiagroup.cz\/wp-content\/uploads\/2021\/03\/stream1-1024x682.jpg\" class=\"attachment-large size-large\" alt=\"\" loading=\"lazy\" srcset=\"https:\/\/www.dystopiagroup.cz\/wp-content\/uploads\/2021\/03\/stream1-1024x682.jpg 1024w, https:\/\/www.dystopiagroup.cz\/wp-content\/uploads\/2021\/03\/stream1-300x200.jpg 300w, https:\/\/www.dystopiagroup.cz\/wp-content\/uploads\/2021\/03\/stream1-768x512.jpg 768w, https:\/\/www.dystopiagroup.cz\/wp-content\/uploads\/2021\/03\/stream1.jpg 1429w\" sizes=\"(max-width: 1024px) 100vw, 1024px\" \/>\t\t\t\t\t\t\t\t\t\t\t<\/div>\n\t\t\t\t<\/div>\n\t\t\t\t<\/div>\n\t\t\t\t\t\t<\/div>\n\t\t\t\t\t<\/div>\n\t\t<\/div>\n\t\t\t\t<div class=\"elementor-column elementor-col-50 elementor-top-column elementor-element elementor-element-19c6917\" data-id=\"19c6917\" data-element_type=\"column\">\n\t\t\t<div class=\"elementor-column-wrap elementor-element-populated\">\n\t\t\t\t\t\t\t<div class=\"elementor-widget-wrap\">\n\t\t\t\t\t\t<div class=\"elementor-element elementor-element-04b7b60 elementor-widget elementor-widget-text-editor\" data-id=\"04b7b60\" data-element_type=\"widget\" data-widget_type=\"text-editor.default\">\n\t\t\t\t<div class=\"elementor-widget-container\">\n\t\t\t\t\t<div class=\"elementor-text-editor elementor-clearfix\"><p>Zvl\u00e1\u0161tn\u00ed pandemick\u00e1 situace, n\u00e1m v\u00fdrazn\u011b zas\u00e1hla do tv\u016fr\u010d\u00ed um\u011bleck\u00e9 \u010dinnosti a cel\u00e9ho filmov\u00e9ho pr\u016fmyslu jako takov\u00e9ho.<\/p><p><span style=\"font-size: 18px; font-style: normal; font-weight: 400;\">Proto jsme se rozhodli za\u010d\u00edt zprost\u0159edkov\u00e1vat online eventy a dovolit tak lidem se op\u011bt setkat a pro\u017e\u00edt zaj\u00edmav\u00e9 okam\u017eiky, a to a\u0165 u\u017e part\u011b kamar\u00e1du \u010di velk\u00e9 firm\u011b.\u00a0<\/span><span style=\"font-size: 18px;\">Nab\u00edz\u00edme tak r\u016fzn\u00e1 \u0159e\u0161en\u00ed online event\u016f, semin\u00e1\u0159\u016f a mnoho jin\u00fdch spole\u010densk\u00fdch akc\u00ed. Na\u0161im nejnov\u011bj\u0161\u00edm p\u0159\u00edr\u016fstkem je Online va\u0159en\u00ed s\u00a0Davidem Val\u00ed\u010dkem.\u00a0 V\u0161echny na\u0161e streamy si zakl\u00e1daj\u00ed na co nejv\u011bt\u0161\u00ed mo\u017enosti interakce a kvalitn\u00edm audiovizu\u00e1ln\u00edm (ob\u010das i chu\u0165ov\u00e9m <\/span><img class=\"emoji\" style=\"font-style: inherit; font-weight: inherit; background-color: #000000;\" role=\"img\" draggable=\"false\" src=\"https:\/\/s.w.org\/images\/core\/emoji\/13.0.1\/svg\/1f60a.svg\" alt=\"\ud83d\ude0a\" \/><span style=\"font-size: 18px;\"> ) z\u00e1\u017eitku.<\/span><\/p><\/div>\n\t\t\t\t<\/div>\n\t\t\t\t<\/div>\n\t\t\t\t<div class=\"elementor-element elementor-element-6763915 elementor-widget elementor-widget-button\" data-id=\"6763915\" data-element_type=\"widget\" data-widget_type=\"button.default\">\n\t\t\t\t<div class=\"elementor-widget-container\">\n\t\t\t\t\t<div class=\"elementor-button-wrapper\">\n\t\t\t<a href=\"https:\/\/youtu.be\/Ok4euIPtsOI\" target=\"_blank\" class=\"elementor-button-link elementor-button elementor-size-sm\" role=\"button\">\n\t\t\t\t\t\t<span class=\"elementor-button-content-wrapper\">\n\t\t\t\t\t\t<span class=\"elementor-button-text\">Jak to na streamu vypad\u00e1?<\/span>\n\t\t<\/span>\n\t\t\t\t\t<\/a>\n\t\t<\/div>\n\t\t\t\t<\/div>\n\t\t\t\t<\/div>\n\t\t\t\t\t\t<\/div>\n\t\t\t\t\t<\/div>\n\t\t<\/div>\n\t\t\t\t\t\t\t\t<\/div>\n\t\t\t\t\t<\/div>\n\t\t<\/section>\n\t\t\t\t<section class=\"elementor-section elementor-top-section elementor-element elementor-element-79aacb7 elementor-hidden-desktop elementor-section-boxed elementor-section-height-default elementor-section-height-default\" data-id=\"79aacb7\" data-element_type=\"section\" data-settings=\"{&quot;background_background&quot;:&quot;classic&quot;,&quot;shape_divider_top&quot;:&quot;tilt&quot;,&quot;shape_divider_bottom&quot;:&quot;tilt&quot;}\">\n\t\t\t\t\t\t\t<div class=\"elementor-background-overlay\"><\/div>\n\t\t\t\t\t\t<div class=\"elementor-shape elementor-shape-top\" data-negative=\"false\">\n\t\t\t<svg xmlns=\"http:\/\/www.w3.org\/2000\/svg\" viewBox=\"0 0 1000 100\" preserveAspectRatio=\"none\">\n\t<path class=\"elementor-shape-fill\" d=\"M0,6V0h1000v100L0,6z\"\/>\n<\/svg>\t\t<\/div>\n\t\t\t\t<div class=\"elementor-shape elementor-shape-bottom\" data-negative=\"false\">\n\t\t\t<svg xmlns=\"http:\/\/www.w3.org\/2000\/svg\" viewBox=\"0 0 1000 100\" preserveAspectRatio=\"none\">\n\t<path class=\"elementor-shape-fill\" d=\"M0,6V0h1000v100L0,6z\"\/>\n<\/svg>\t\t<\/div>\n\t\t\t\t\t<div class=\"elementor-container elementor-column-gap-default\">\n\t\t\t\t\t\t\t<div class=\"elementor-row\">\n\t\t\t\t\t<div class=\"elementor-column elementor-col-100 elementor-top-column elementor-element elementor-element-5153470\" data-id=\"5153470\" data-element_type=\"column\">\n\t\t\t<div class=\"elementor-column-wrap elementor-element-populated\">\n\t\t\t\t\t\t\t<div class=\"elementor-widget-wrap\">\n\t\t\t\t\t\t<section class=\"elementor-section elementor-inner-section elementor-element elementor-element-a1a1886 elementor-section-boxed elementor-section-height-default elementor-section-height-default\" data-id=\"a1a1886\" data-element_type=\"section\">\n\t\t\t\t\t\t<div class=\"elementor-container elementor-column-gap-default\">\n\t\t\t\t\t\t\t<div class=\"elementor-row\">\n\t\t\t\t\t<div class=\"elementor-column elementor-col-50 elementor-inner-column elementor-element elementor-element-57857d2\" data-id=\"57857d2\" data-element_type=\"column\">\n\t\t\t<div class=\"elementor-column-wrap elementor-element-populated\">\n\t\t\t\t\t\t\t<div class=\"elementor-widget-wrap\">\n\t\t\t\t\t\t<div class=\"elementor-element elementor-element-81c25f5 elementor-widget elementor-widget-heading\" data-id=\"81c25f5\" data-element_type=\"widget\" data-widget_type=\"heading.default\">\n\t\t\t\t<div class=\"elementor-widget-container\">\n\t\t\t<h1 class=\"elementor-heading-title elementor-size-default\">Stream<\/h1>\t\t<\/div>\n\t\t\t\t<\/div>\n\t\t\t\t<div class=\"elementor-element elementor-element-a919f35 elementor-tablet-align-left elementor-mobile-align-center elementor-widget elementor-widget-button\" data-id=\"a919f35\" data-element_type=\"widget\" data-widget_type=\"button.default\">\n\t\t\t\t<div class=\"elementor-widget-container\">\n\t\t\t\t\t<div class=\"elementor-button-wrapper\">\n\t\t\t<a href=\"https:\/\/youtu.be\/Ok4euIPtsOI\" target=\"_blank\" class=\"elementor-button-link elementor-button elementor-size-sm\" role=\"button\">\n\t\t\t\t\t\t<span class=\"elementor-button-content-wrapper\">\n\t\t\t\t\t\t<span class=\"elementor-button-text\">Jak to na streamu vypad\u00e1?<\/span>\n\t\t<\/span>\n\t\t\t\t\t<\/a>\n\t\t<\/div>\n\t\t\t\t<\/div>\n\t\t\t\t<\/div>\n\t\t\t\t\t\t<\/div>\n\t\t\t\t\t<\/div>\n\t\t<\/div>\n\t\t\t\t<div class=\"elementor-column elementor-col-50 elementor-inner-column elementor-element elementor-element-669ea5e\" data-id=\"669ea5e\" data-element_type=\"column\">\n\t\t\t<div class=\"elementor-column-wrap elementor-element-populated\">\n\t\t\t\t\t\t\t<div class=\"elementor-widget-wrap\">\n\t\t\t\t\t\t<div class=\"elementor-element elementor-element-3ddce9d elementor-widget elementor-widget-image\" data-id=\"3ddce9d\" data-element_type=\"widget\" data-widget_type=\"image.default\">\n\t\t\t\t<div class=\"elementor-widget-container\">\n\t\t\t\t\t<div class=\"elementor-image\">\n\t\t\t\t\t\t\t\t\t\t<img width=\"1024\" height=\"682\" src=\"https:\/\/www.dystopiagroup.cz\/wp-content\/uploads\/2021\/03\/stream1-1024x682.jpg\" class=\"attachment-large size-large\" alt=\"\" loading=\"lazy\" srcset=\"https:\/\/www.dystopiagroup.cz\/wp-content\/uploads\/2021\/03\/stream1-1024x682.jpg 1024w, https:\/\/www.dystopiagroup.cz\/wp-content\/uploads\/2021\/03\/stream1-300x200.jpg 300w, https:\/\/www.dystopiagroup.cz\/wp-content\/uploads\/2021\/03\/stream1-768x512.jpg 768w, https:\/\/www.dystopiagroup.cz\/wp-content\/uploads\/2021\/03\/stream1.jpg 1429w\" sizes=\"(max-width: 1024px) 100vw, 1024px\" \/>\t\t\t\t\t\t\t\t\t\t\t<\/div>\n\t\t\t\t<\/div>\n\t\t\t\t<\/div>\n\t\t\t\t\t\t<\/div>\n\t\t\t\t\t<\/div>\n\t\t<\/div>\n\t\t\t\t\t\t\t\t<\/div>\n\t\t\t\t\t<\/div>\n\t\t<\/section>\n\t\t\t\t<div class=\"elementor-element elementor-element-2a207a7 elementor-widget elementor-widget-text-editor\" data-id=\"2a207a7\" data-element_type=\"widget\" data-widget_type=\"text-editor.default\">\n\t\t\t\t<div class=\"elementor-widget-container\">\n\t\t\t\t\t<div class=\"elementor-text-editor elementor-clearfix\"><p>Zvl\u00e1\u0161tn\u00ed pandemick\u00e1 situace, n\u00e1m v\u00fdrazn\u011b zas\u00e1hla do tv\u016fr\u010d\u00ed um\u011bleck\u00e9 \u010dinnosti a cel\u00e9ho filmov\u00e9ho pr\u016fmyslu jako takov\u00e9ho.<\/p><p><span style=\"font-size: 18px; font-style: normal; font-weight: 400;\">Proto jsme se rozhodli za\u010d\u00edt zprost\u0159edkov\u00e1vat online eventy a dovolit tak lidem se op\u011bt setkat a pro\u017e\u00edt zaj\u00edmav\u00e9 okam\u017eiky, a to a\u0165 u\u017e part\u011b kamar\u00e1du \u010di velk\u00e9 firm\u011b.\u00a0<\/span><span style=\"font-size: 18px;\">Nab\u00edz\u00edme tak r\u016fzn\u00e1 \u0159e\u0161en\u00ed online event\u016f, semin\u00e1\u0159\u016f a mnoho jin\u00fdch spole\u010densk\u00fdch akc\u00ed. Na\u0161im nejnov\u011bj\u0161\u00edm p\u0159\u00edr\u016fstkem je Online va\u0159en\u00ed s\u00a0Davidem Val\u00ed\u010dkem.\u00a0 V\u0161echny na\u0161e streamy si zakl\u00e1daj\u00ed na co nejv\u011bt\u0161\u00ed mo\u017enosti interakce a kvalitn\u00edm audiovizu\u00e1ln\u00edm (ob\u010das i chu\u0165ov\u00e9m <\/span><img class=\"emoji\" style=\"font-style: inherit; font-weight: inherit; background-color: #000000;\" role=\"img\" draggable=\"false\" src=\"https:\/\/s.w.org\/images\/core\/emoji\/13.0.1\/svg\/1f60a.svg\" alt=\"\ud83d\ude0a\" \/><span style=\"font-size: 18px;\"> ) z\u00e1\u017eitku.<\/span><\/p><\/div>\n\t\t\t\t<\/div>\n\t\t\t\t<\/div>\n\t\t\t\t\t\t<\/div>\n\t\t\t\t\t<\/div>\n\t\t<\/div>\n\t\t\t\t\t\t\t\t<\/div>\n\t\t\t\t\t<\/div>\n\t\t<\/section>\n\t\t\t\t<section class=\"elementor-section elementor-top-section elementor-element elementor-element-431ce40 elementor-section-boxed elementor-section-height-default elementor-section-height-default\" data-id=\"431ce40\" data-element_type=\"section\">\n\t\t\t\t\t\t<div class=\"elementor-container elementor-column-gap-default\">\n\t\t\t\t\t\t\t<div class=\"elementor-row\">\n\t\t\t\t\t<div class=\"elementor-column elementor-col-100 elementor-top-column elementor-element elementor-element-9a2d5c6\" data-id=\"9a2d5c6\" data-element_type=\"column\">\n\t\t\t<div class=\"elementor-column-wrap elementor-element-populated\">\n\t\t\t\t\t\t\t<div class=\"elementor-widget-wrap\">\n\t\t\t\t\t\t<section class=\"elementor-section elementor-inner-section elementor-element elementor-element-f0c0745 elementor-section-boxed elementor-section-height-default elementor-section-height-default\" data-id=\"f0c0745\" data-element_type=\"section\">\n\t\t\t\t\t\t<div class=\"elementor-container elementor-column-gap-default\">\n\t\t\t\t\t\t\t<div class=\"elementor-row\">\n\t\t\t\t\t<div class=\"elementor-column elementor-col-100 elementor-inner-column elementor-element elementor-element-50f26c7\" data-id=\"50f26c7\" data-element_type=\"column\" data-settings=\"{&quot;background_background&quot;:&quot;classic&quot;}\">\n\t\t\t<div class=\"elementor-column-wrap elementor-element-populated\">\n\t\t\t\t\t\t\t<div class=\"elementor-widget-wrap\">\n\t\t\t\t\t\t<div class=\"elementor-element elementor-element-ea1d9e9 elementor-button-align-end elementor-widget elementor-widget-form\" data-id=\"ea1d9e9\" data-element_type=\"widget\" data-settings=\"{&quot;step_next_label&quot;:&quot;Next&quot;,&quot;step_previous_label&quot;:&quot;Previous&quot;,&quot;button_width&quot;:&quot;100&quot;,&quot;step_type&quot;:&quot;number_text&quot;,&quot;step_icon_shape&quot;:&quot;circle&quot;}\" data-widget_type=\"form.default\">\n\t\t\t\t<div class=\"elementor-widget-container\">\n\t\t\t\t\t<form class=\"elementor-form\" method=\"post\" name=\"New Form\">\n\t\t\t<input type=\"hidden\" name=\"post_id\" value=\"267\"\/>\n\t\t\t<input type=\"hidden\" name=\"form_id\" value=\"ea1d9e9\"\/>\n\t\t\t<input type=\"hidden\" name=\"referer_title\" value=\"\" \/>\n\n\t\t\t\n\t\t\t<div class=\"elementor-form-fields-wrapper elementor-labels-above\">\n\t\t\t\t\t\t\t\t<div class=\"elementor-field-type-text elementor-field-group elementor-column elementor-field-group-name elementor-col-50 elementor-field-required\">\n\t\t\t\t\t<label for=\"form-field-name\" class=\"elementor-field-label\">Jm\u00e9no a p\u0159\u00edjmen\u00ed<\/label><input size=\"1\" type=\"text\" name=\"form_fields[name]\" id=\"form-field-name\" class=\"elementor-field elementor-size-sm  elementor-field-textual\" required=\"required\" aria-required=\"true\">\t\t\t\t<\/div>\n\t\t\t\t\t\t\t\t<div class=\"elementor-field-type-email elementor-field-group elementor-column elementor-field-group-email elementor-col-50 elementor-field-required\">\n\t\t\t\t\t<label for=\"form-field-email\" class=\"elementor-field-label\">Email<\/label><input size=\"1\" type=\"email\" name=\"form_fields[email]\" id=\"form-field-email\" class=\"elementor-field elementor-size-sm  elementor-field-textual\" required=\"required\" aria-required=\"true\">\t\t\t\t<\/div>\n\t\t\t\t\t\t\t\t<div class=\"elementor-field-type-textarea elementor-field-group elementor-column elementor-field-group-message elementor-col-100 elementor-field-required\">\n\t\t\t\t\t<label for=\"form-field-message\" class=\"elementor-field-label\">Zpr\u00e1va<\/label><textarea class=\"elementor-field-textual elementor-field  elementor-size-sm\" name=\"form_fields[message]\" id=\"form-field-message\" rows=\"4\" required=\"required\" aria-required=\"true\"><\/textarea>\t\t\t\t<\/div>\n\t\t\t\t\t\t\t\t<div class=\"elementor-field-type-recaptcha elementor-field-group elementor-column elementor-field-group-field_2119518 elementor-col-100\">\n\t\t\t\t\t<div class=\"elementor-field\" id=\"form-field-field_2119518\"><div class=\"elementor-g-recaptcha\" data-sitekey=\"6LfFYHAaAAAAAMmZL9PAg08jyeXdyjFgWv1dqcY_\" data-type=\"v2_checkbox\" data-theme=\"dark\" data-size=\"normal\"><\/div><\/div>\t\t\t\t<\/div>\n\t\t\t\t\t\t\t\t<div class=\"elementor-field-group elementor-column elementor-field-type-submit elementor-col-100 e-form__buttons\">\n\t\t\t\t\t<button type=\"submit\" class=\"elementor-button elementor-size-sm\">\n\t\t\t\t\t\t<span >\n\t\t\t\t\t\t\t\t\t\t\t\t\t\t\t<span class=\" elementor-button-icon\">\n\t\t\t\t\t\t\t\t\t\t\t\t\t\t\t\t\t\t\t\t\t\t\t\t\t\t<\/span>\n\t\t\t\t\t\t\t\t\t\t\t\t\t\t\t\t\t\t\t\t\t\t<span class=\"elementor-button-text\">Odeslat<\/span>\n\t\t\t\t\t\t\t\t\t\t\t\t\t<\/span>\n\t\t\t\t\t<\/button>\n\t\t\t\t<\/div>\n\t\t\t<\/div>\n\t\t<\/form>\n\t\t\t\t<\/div>\n\t\t\t\t<\/div>\n\t\t\t\t\t\t<\/div>\n\t\t\t\t\t<\/div>\n\t\t<\/div>\n\t\t\t\t\t\t\t\t<\/div>\n\t\t\t\t\t<\/div>\n\t\t<\/section>\n\t\t\t\t\t\t<\/div>\n\t\t\t\t\t<\/div>\n\t\t<\/div>\n\t\t\t\t\t\t\t\t<\/div>\n\t\t\t\t\t<\/div>\n\t\t<\/section>\n\t\t\t\t\t\t<\/div>\n\t\t\t\t\t\t<\/div>\n\t\t\t\t\t<\/div>\n\t\t","protected":false},"excerpt":{"rendered":"<p>Stream Zvl\u00e1\u0161tn\u00ed pandemick\u00e1 situace, n\u00e1m v\u00fdrazn\u011b zas\u00e1hla do tv\u016fr\u010d\u00ed um\u011bleck\u00e9 \u010dinnosti a cel\u00e9ho filmov\u00e9ho pr\u016fmyslu jako takov\u00e9ho. Proto jsme se rozhodli za\u010d\u00edt zprost\u0159edkov\u00e1vat online eventy a dovolit tak lidem se op\u011bt setkat a pro\u017e\u00edt zaj\u00edmav\u00e9 okam\u017eiky, a to a\u0165 u\u017e part\u011b kamar\u00e1du \u010di velk\u00e9 firm\u011b.&nbsp;Nab\u00edz\u00edme tak r\u016fzn\u00e1 \u0159e\u0161en\u00ed online event\u016f, semin\u00e1\u0159\u016f a mnoho jin\u00fdch spole\u010densk\u00fdch &hellip;<\/p>\n<p class=\"read-more\"> <a class=\"\" href=\"https:\/\/www.dystopiagroup.cz\/film\/stream\/\"> <span class=\"screen-reader-text\">Stream<\/span> Pokra\u010dovat ve \u010dten\u00ed &raquo;<\/a><\/p>\n","protected":false},"author":1,"featured_media":0,"parent":0,"menu_order":0,"comment_status":"closed","ping_status":"closed","template":"","meta":[],"_links":{"self":[{"href":"https:\/\/www.dystopiagroup.cz\/film\/wp-json\/wp\/v2\/pages\/267"}],"collection":[{"href":"https:\/\/www.dystopiagroup.cz\/film\/wp-json\/wp\/v2\/pages"}],"about":[{"href":"https:\/\/www.dystopiagroup.cz\/film\/wp-json\/wp\/v2\/types\/page"}],"author":[{"embeddable":true,"href":"https:\/\/www.dystopiagroup.cz\/film\/wp-json\/wp\/v2\/users\/1"}],"replies":[{"embeddable":true,"href":"https:\/\/www.dystopiagroup.cz\/film\/wp-json\/wp\/v2\/comments?post=267"}],"version-history":[{"count":32,"href":"https:\/\/www.dystopiagroup.cz\/film\/wp-json\/wp\/v2\/pages\/267\/revisions"}],"predecessor-version":[{"id":615,"href":"https:\/\/www.dystopiagroup.cz\/film\/wp-json\/wp\/v2\/pages\/267\/revisions\/615"}],"wp:attachment":[{"href":"https:\/\/www.dystopiagroup.cz\/film\/wp-json\/wp\/v2\/media?parent=267"}],"curies":[{"name":"wp","href":"https:\/\/api.w.org\/{rel}","templated":true}]}}